{"id":1054,"date":"2021-10-19T14:03:37","date_gmt":"2021-10-19T13:03:37","guid":{"rendered":"http:\/\/czterysosny.pl\/?page_id=1054"},"modified":"2025-04-16T07:50:56","modified_gmt":"2025-04-16T06:50:56","slug":"noclegi","status":"publish","type":"page","link":"http:\/\/czterysosny.pl\/de\/noclegi\/","title":{"rendered":"Unterkunft"},"content":{"rendered":"<p><!--Featured Section--><\/p>\n<section>\n<h2><\/h2>\n<p>                    Obiekt \u201eCztery Sosny\u201d posiada 9 pokoi z bezpo\u015brednim wyj\u015bciem na zewn\u0105trz.<br \/>\nOferujemy komfortowe, nowoczesne, klimatyzowane pokoje. Do dyspozycji Go\u015bci jest r\u00f3wnie\u017c zewn\u0119trzne jacuzzi uruchamiane na \u017cyczenie.<br \/>\n                    <!--Block--><\/p>\n<figure><a href=\"http:\/\/czterysosny.pl\/de\/pokoje\/dolne\/\"><img decoding=\"async\" width=\"363\" height=\"363\" src=\"http:\/\/czterysosny.pl\/wp-content\/uploads\/2020\/11\/dol-ladne-363x363.jpg\" alt=\"\" loading=\"lazy\" srcset=\"http:\/\/czterysosny.pl\/wp-content\/uploads\/2020\/11\/dol-ladne-363x363.jpg 363w, http:\/\/czterysosny.pl\/wp-content\/uploads\/2020\/11\/dol-ladne-150x150.jpg 150w, http:\/\/czterysosny.pl\/wp-content\/uploads\/2020\/11\/dol-ladne-75x75.jpg 75w, http:\/\/czterysosny.pl\/wp-content\/uploads\/2020\/11\/dol-ladne-480x480.jpg 480w, http:\/\/czterysosny.pl\/wp-content\/uploads\/2020\/11\/dol-ladne-370x370.jpg 370w, http:\/\/czterysosny.pl\/wp-content\/uploads\/2020\/11\/dol-ladne-93x93.jpg 93w\" sizes=\"(max-width: 363px) 100vw, 363px\" \/><\/a><\/figure>\n<p>        Price<br \/>\n\t\t            &#122;&#322;0.0<br \/>\n        Night<\/p>\n<h5>Untere Zimmer<\/h5>\n<figure><a href=\"http:\/\/czterysosny.pl\/de\/pokoje\/gorne\/\"><img decoding=\"async\" width=\"363\" height=\"363\" src=\"http:\/\/czterysosny.pl\/wp-content\/uploads\/2020\/11\/widok-z-pokoju-363x363.jpg\" alt=\"\" loading=\"lazy\" srcset=\"http:\/\/czterysosny.pl\/wp-content\/uploads\/2020\/11\/widok-z-pokoju-363x363.jpg 363w, http:\/\/czterysosny.pl\/wp-content\/uploads\/2020\/11\/widok-z-pokoju-150x150.jpg 150w, http:\/\/czterysosny.pl\/wp-content\/uploads\/2020\/11\/widok-z-pokoju-75x75.jpg 75w, http:\/\/czterysosny.pl\/wp-content\/uploads\/2020\/11\/widok-z-pokoju-480x480.jpg 480w, http:\/\/czterysosny.pl\/wp-content\/uploads\/2020\/11\/widok-z-pokoju-370x370.jpg 370w, http:\/\/czterysosny.pl\/wp-content\/uploads\/2020\/11\/widok-z-pokoju-93x93.jpg 93w\" sizes=\"(max-width: 363px) 100vw, 363px\" \/><\/a><\/figure>\n<p>        Price<br \/>\n\t\t            &#122;&#322;0.0<br \/>\n        Night<\/p>\n<h5>Obere Zimmer<\/h5>\n<figure><a href=\"http:\/\/czterysosny.pl\/de\/pokoje\/ppremium\/\"><img decoding=\"async\" width=\"363\" height=\"363\" src=\"http:\/\/czterysosny.pl\/wp-content\/uploads\/2020\/11\/810_4860-scaled-e1719854564142-363x363.jpg\" alt=\"\" loading=\"lazy\" srcset=\"http:\/\/czterysosny.pl\/wp-content\/uploads\/2020\/11\/810_4860-scaled-e1719854564142-363x363.jpg 363w, http:\/\/czterysosny.pl\/wp-content\/uploads\/2020\/11\/810_4860-scaled-e1719854564142-150x150.jpg 150w, http:\/\/czterysosny.pl\/wp-content\/uploads\/2020\/11\/810_4860-scaled-e1719854564142-75x75.jpg 75w, http:\/\/czterysosny.pl\/wp-content\/uploads\/2020\/11\/810_4860-scaled-e1719854564142-480x480.jpg 480w, http:\/\/czterysosny.pl\/wp-content\/uploads\/2020\/11\/810_4860-scaled-e1719854564142-370x370.jpg 370w, http:\/\/czterysosny.pl\/wp-content\/uploads\/2020\/11\/810_4860-scaled-e1719854564142-93x93.jpg 93w, http:\/\/czterysosny.pl\/wp-content\/uploads\/2020\/11\/810_4860-scaled-e1719854564142-700x700.jpg 700w\" sizes=\"(max-width: 363px) 100vw, 363px\" \/><\/a><\/figure>\n<p>        Price<br \/>\n\t\t            &#122;&#322;0.0<br \/>\n        Night<\/p>\n<h5>Premium Zimmer<\/h5>\n<\/section>\n<p>\t\t\t<img decoding=\"async\" width=\"1069\" height=\"429\" src=\"http:\/\/czterysosny.pl\/wp-content\/uploads\/2024\/07\/IMG_0317.png\" alt=\"\" loading=\"lazy\" srcset=\"http:\/\/czterysosny.pl\/wp-content\/uploads\/2024\/07\/IMG_0317.png 1069w, http:\/\/czterysosny.pl\/wp-content\/uploads\/2024\/07\/IMG_0317-300x120.png 300w, http:\/\/czterysosny.pl\/wp-content\/uploads\/2024\/07\/IMG_0317-1024x411.png 1024w, http:\/\/czterysosny.pl\/wp-content\/uploads\/2024\/07\/IMG_0317-768x308.png 768w, http:\/\/czterysosny.pl\/wp-content\/uploads\/2024\/07\/IMG_0317-18x7.png 18w, http:\/\/czterysosny.pl\/wp-content\/uploads\/2024\/07\/IMG_0317-610x245.png 610w\" sizes=\"(max-width: 1069px) 100vw, 1069px\" \/>Pokoje dolne\u0142\u00f3\u017cko podw\u00f3jne i rozk\u0142adana sofaod389z\u0142<a href=\"mailto:kontakt@czterysosny.pl\" role=\"button\">Buchen<\/a><\/p>\n<ul>\n<li id=\"tooltip67ff5350751fb\" data-local=\"true\" >\n<ul>\n<li>Dwie osoby &#8211; 389 z\u0142<\/li>\n<\/ul>\n<\/li>\n<li id=\"tooltip67ff535075265\" data-local=\"true\" >\n<p>Trzy osoby &#8211; 539 z\u0142<\/p>\n<\/li>\n<\/ul>\n<p>\t\t\t<img decoding=\"async\" width=\"1069\" height=\"429\" src=\"http:\/\/czterysosny.pl\/wp-content\/uploads\/2024\/07\/IMG_0317.png\" alt=\"\" loading=\"lazy\" srcset=\"http:\/\/czterysosny.pl\/wp-content\/uploads\/2024\/07\/IMG_0317.png 1069w, http:\/\/czterysosny.pl\/wp-content\/uploads\/2024\/07\/IMG_0317-300x120.png 300w, http:\/\/czterysosny.pl\/wp-content\/uploads\/2024\/07\/IMG_0317-1024x411.png 1024w, http:\/\/czterysosny.pl\/wp-content\/uploads\/2024\/07\/IMG_0317-768x308.png 768w, http:\/\/czterysosny.pl\/wp-content\/uploads\/2024\/07\/IMG_0317-18x7.png 18w, http:\/\/czterysosny.pl\/wp-content\/uploads\/2024\/07\/IMG_0317-610x245.png 610w\" sizes=\"(max-width: 1069px) 100vw, 1069px\" \/>Pokoje g\u00f3rne\u0142\u00f3\u017cko pow\u00f3jne lub dwa \u0142\u00f3\u017cka pojedynczeod369z\u0142<a href=\"mailto:kontakt@czterysosny.pl\" role=\"button\">Buchen<\/a><\/p>\n<ul>\n<li id=\"tooltip67ff535079e9f\" data-local=\"true\" >\n<p>Jedna osoba &#8211; 369 z\u0142<\/p>\n<\/li>\n<li id=\"tooltip67ff535079ebd\" data-local=\"true\" >\n<p>Dwie osoby &#8211; 389 z\u0142\u00a0<\/p>\n<\/li>\n<\/ul>\n<p>\t\t\t<img decoding=\"async\" width=\"1069\" height=\"429\" src=\"http:\/\/czterysosny.pl\/wp-content\/uploads\/2024\/07\/IMG_0317.png\" alt=\"\" loading=\"lazy\" srcset=\"http:\/\/czterysosny.pl\/wp-content\/uploads\/2024\/07\/IMG_0317.png 1069w, http:\/\/czterysosny.pl\/wp-content\/uploads\/2024\/07\/IMG_0317-300x120.png 300w, http:\/\/czterysosny.pl\/wp-content\/uploads\/2024\/07\/IMG_0317-1024x411.png 1024w, http:\/\/czterysosny.pl\/wp-content\/uploads\/2024\/07\/IMG_0317-768x308.png 768w, http:\/\/czterysosny.pl\/wp-content\/uploads\/2024\/07\/IMG_0317-18x7.png 18w, http:\/\/czterysosny.pl\/wp-content\/uploads\/2024\/07\/IMG_0317-610x245.png 610w\" sizes=\"(max-width: 1069px) 100vw, 1069px\" \/>Pok\u00f3j PREMIUM\u0142\u00f3\u017cko podw\u00f3jne i rozk\u0142adana sofaod459z\u0142<a href=\"mailto:kontakt@czterysosny.pl\" role=\"button\">Buchen<\/a><\/p>\n<ul>\n<li id=\"tooltip67ff53507eda3\" data-local=\"true\" >\n<p>Dwie osoby &#8211; 459 z\u0142<\/p>\n<\/li>\n<li id=\"tooltip67ff53507edc1\" data-local=\"true\" >\n<p>Trzy osoby &#8211; 659 z\u0142<\/p>\n<\/li>\n<\/ul>\n<p>\t\t\t\t\t\t Reservierung\t\t\t\t\t\t\t\t\t\t\t<\/p>\n<p>Um eine Reservierung vorzunehmen, ist eine Anzahlung in H\u00f6he von 40 % des Aufenthaltswertes in Form einer Anzahlung erforderlich.<\/p>\n<p>\t\t\t\t\t\t Stornierung der Reservierung\t\t\t\t\t\t\t\t\t\t\t<\/p>\n<p>Wenn Sie am Tag der Ankunft nicht in der Unterkunft erscheinen, geht die geleistete Anzahlung verloren.<\/p>\n<p>Im Falle einer Schlie\u00dfung der Einrichtung aufgrund der drohenden Pandemie wird die Anzahlung innerhalb von 30 Tagen ab dem Datum der Mitteilung \u00fcber die Stornierung zur\u00fcckerstattet.<\/p>\n<h2>Reservierungsbedingungen<\/h2>\n<p>Doba noclegowa rozpoczyna si\u0119 od godziny 14:00 i trwa do godziny 11:00 dnia nast\u0119pnego.<\/p>\n<p>An der Unterkunft stehen Ihnen kostenfreie Privatparkpl\u00e4tze zur Verf\u00fcgung.<\/p>\n<p>Aufbewahrung eines Fahrrads im Fahrradraum.<\/p>\n<p>Kinder bis 3 Jahre kostenlos.<\/p>\n<p>Kinderbett, einmalige Geb\u00fchr 70 PLN.<\/p>\n<p>Haustiere sind erlaubt - nach vorheriger Absprache mit der Einrichtung - 60 PLN \/ Tag.<\/p>\n<h2>Reservierungsbedingungen<\/h2>\n<p>Doba noclegowa rozpoczyna si\u0119 od godziny 14:00 i trwa do godziny 11:00 dnia nast\u0119pnego.<\/p>\n<p>An der Unterkunft stehen Ihnen kostenfreie Privatparkpl\u00e4tze zur Verf\u00fcgung.<\/p>\n<p>Aufbewahrung eines Fahrrads im Fahrradraum.<\/p>\n<p>Kinder bis 3 Jahre kostenlos.<\/p>\n<p>Kinderbett, einmalige Geb\u00fchr 70 PLN.<\/p>\n<p>Haustiere sind erlaubt - nach vorheriger Absprache mit der Einrichtung - 60 PLN \/ Tag.<\/p>\n<p>\t\t\t\t\t\t Raumausstattung\t\t\t\t\t\t\t\t\t\t\t<\/p>\n<ul>\n<li>Klimaanlage<\/li>\n<li>WiFi<\/li>\n<li>TV<\/li>\n<li>K\u00fchlschrank<\/li>\n<li>Wasserkocher<\/li>\n<li>Privates Badezimmer mit Dusche<\/li>\n<li>Handt\u00fccher<\/li>\n<li>Haartrockner<\/li>\n<\/ul>","protected":false},"excerpt":{"rendered":"<p>Obiekt \u201eCztery Sosny\u201d posiada 9 pokoi z bezpo\u015brednim wyj\u015bciem na zewn\u0105trz. Oferujemy komfortowe, nowoczesne, klimatyzowane pokoje. Do dyspozycji Go\u015bci jest r\u00f3wnie\u017c zewn\u0119trzne jacuzzi uruchamiane na \u017cyczenie. Price &#122;&#322;0.0 Night Pokoje dolne Price &#122;&#322;0.0 Night Pokoje g\u00f3rne Price &#122;&#322;0.0 Night Pok\u00f3j Premium Pokoje dolne\u0142\u00f3\u017cko podw\u00f3jne i rozk\u0142adana sofaod389z\u0142Rezerwuj Dwie osoby &#8211; 389 z\u0142 Trzy osoby &#8211; [&hellip;]<\/p>","protected":false},"author":1,"featured_media":0,"parent":0,"menu_order":0,"comment_status":"closed","ping_status":"closed","template":"tpl-default-elementor.php","meta":{"inline_featured_image":false,"footnotes":""},"class_list":["post-1054","page","type-page","status-publish","hentry"],"_links":{"self":[{"href":"http:\/\/czterysosny.pl\/de\/wp-json\/wp\/v2\/pages\/1054"}],"collection":[{"href":"http:\/\/czterysosny.pl\/de\/wp-json\/wp\/v2\/pages"}],"about":[{"href":"http:\/\/czterysosny.pl\/de\/wp-json\/wp\/v2\/types\/page"}],"author":[{"embeddable":true,"href":"http:\/\/czterysosny.pl\/de\/wp-json\/wp\/v2\/users\/1"}],"replies":[{"embeddable":true,"href":"http:\/\/czterysosny.pl\/de\/wp-json\/wp\/v2\/comments?post=1054"}],"version-history":[{"count":536,"href":"http:\/\/czterysosny.pl\/de\/wp-json\/wp\/v2\/pages\/1054\/revisions"}],"predecessor-version":[{"id":2018,"href":"http:\/\/czterysosny.pl\/de\/wp-json\/wp\/v2\/pages\/1054\/revisions\/2018"}],"wp:attachment":[{"href":"http:\/\/czterysosny.pl\/de\/wp-json\/wp\/v2\/media?parent=1054"}],"curies":[{"name":"wp","href":"https:\/\/api.w.org\/{rel}","templated":true}]}}