{"id":1191,"date":"2021-10-20T19:19:41","date_gmt":"2021-10-20T18:19:41","guid":{"rendered":"http:\/\/czterysosny.pl\/?page_id=1191"},"modified":"2024-09-13T10:16:06","modified_gmt":"2024-09-13T09:16:06","slug":"restauracja","status":"publish","type":"page","link":"http:\/\/czterysosny.pl\/de\/restauracja\/","title":{"rendered":"Restaurant"},"content":{"rendered":"<p><!--Featured Section--><\/p>\n<section>\n<h2>Restaurant <br \/> Szyszka<\/h2>\n<p>                    Hier verbinden sich polnische Tradition, Leidenschaft f\u00fcr die K\u00fcche und altpolnische Gastfreundschaft mit Moderne. Wir servieren polnische Gerichte. Wildgerichte sind unsere Spezialit\u00e4t.<br \/>\n                                        <!--Block--><br \/>\n                                    \u00d6ffnungszeiten<\/p>\n<h5>Donnerstag<br \/>11:00 &#8211; 20:00<\/p>\n<p>Pi\u0105tek &#8211; Sobota <br \/>11:00 &#8211; 21:00 <\/p>\n<p>Sonntag<br \/> 11:00 &#8211; 19:00<\/h5>\n<p>                                        <!--Block--><br \/>\n                                    Reservierungen<\/p>\n<h5>+48 731 705 655 <br \/> +48 607 619 491<\/h5>\n<p>                                        <!--Block--><br \/>\n                                    die Adresse<\/p>\n<h5>Zasieki 78 <br \/> 68-343 Brody<\/h5>\n<\/section>\n<p>        <!--Featured Section--><\/p>\n<section>\n<h2>Restaurant <br \/> Szyszka<\/h2>\n<p>                    Hier verbinden sich polnische Tradition, Leidenschaft f\u00fcr die K\u00fcche und altpolnische Gastfreundschaft mit Moderne. Wir servieren polnische Gerichte. Wildgerichte sind unsere Spezialit\u00e4t.<br \/>\n                                        <!--Block--><\/p>\n<h5><\/h5>\n<p>                                        <!--Block--><br \/>\n                                    Reservierungen<\/p>\n<h5>+48 731 705 655 <br \/> +48 607 619 491<\/h5>\n<p>                                        <!--Block--><br \/>\n                                    die Adresse<\/p>\n<h5>Zasieki 78 <br \/> 68-343 Brody<\/h5>\n<p>                                        <!--Block--><br \/>\n                                    \u00d6ffnungszeiten<\/p>\n<h5>Donnerstag<br \/> 11:00 &#8211; 20:00 <\/p>\n<p>Pi\u0105tek &#8211; Sobota<br \/> 11:00 &#8211; 21:00<\/p>\n<p>Sonntag<br \/>11:00 &#8211; 19:00<\/h5>\n<\/section>\n<p>\t\t\t\t\t\t\t<a href=\"http:\/\/czterysosny.pl\/wp-content\/uploads\/2021\/08\/karczma-e1719854633125.jpg\" data-elementor-open-lightbox=\"yes\" data-elementor-lightbox-slideshow=\"all-a94d10d\" e-action-hash=\"#elementor-action%3Aaction%3Dlightbox%26settings%3DeyJpZCI6NzkwLCJ1cmwiOiJodHRwOlwvXC9jenRlcnlzb3NueS5wbFwvd3AtY29udGVudFwvdXBsb2Fkc1wvMjAyMVwvMDhcL2thcmN6bWEtZTE3MTk4NTQ2MzMxMjUuanBnIiwic2xpZGVzaG93IjoiYWxsLWE5NGQxMGQifQ%3D%3D\"><br \/>\n\t\t\t\t\t\t\t\t\t\t\t\t\t\t<\/a><br \/>\n\t\t\t\t\t\t\t<a href=\"http:\/\/czterysosny.pl\/wp-content\/uploads\/2021\/08\/IMG_0344-scaled-e1628104275286.jpg\" data-elementor-open-lightbox=\"yes\" data-elementor-lightbox-slideshow=\"all-a94d10d\" e-action-hash=\"#elementor-action%3Aaction%3Dlightbox%26settings%3DeyJpZCI6NzY4LCJ1cmwiOiJodHRwOlwvXC9jenRlcnlzb3NueS5wbFwvd3AtY29udGVudFwvdXBsb2Fkc1wvMjAyMVwvMDhcL0lNR18wMzQ0LXNjYWxlZC1lMTYyODEwNDI3NTI4Ni5qcGciLCJzbGlkZXNob3ciOiJhbGwtYTk0ZDEwZCJ9\"><br \/>\n\t\t\t\t\t\t\t\t\t\t\t\t\t\t<\/a><\/p>","protected":false},"excerpt":{"rendered":"<p>Restauracja Szyszka Tutaj tradycja polska, zami\u0142owanie do kuchni i staropolska go\u015bcinno\u015b\u0107 \u0142\u0105cz\u0105 si\u0119 z nowoczesno\u015bci\u0105. Serwujemy dania kuchni polskiej. Nasz\u0105 specjalno\u015bci\u0105 s\u0105 potrawy z dziczyzny. GODZINY OTWARCIA Czwartek11:00 &#8211; 20:00 Pi\u0105tek &#8211; Sobota 11:00 &#8211; 21:00 Niedziela 11:00 &#8211; 19:00 Rezerwacje +48 731 705 655 +48 607 619 491 Adres Zasieki 78 68-343 Brody Restauracja [&hellip;]<\/p>","protected":false},"author":1,"featured_media":0,"parent":0,"menu_order":0,"comment_status":"closed","ping_status":"closed","template":"tpl-default-elementor.php","meta":{"inline_featured_image":false,"footnotes":""},"class_list":["post-1191","page","type-page","status-publish","hentry"],"_links":{"self":[{"href":"http:\/\/czterysosny.pl\/de\/wp-json\/wp\/v2\/pages\/1191"}],"collection":[{"href":"http:\/\/czterysosny.pl\/de\/wp-json\/wp\/v2\/pages"}],"about":[{"href":"http:\/\/czterysosny.pl\/de\/wp-json\/wp\/v2\/types\/page"}],"author":[{"embeddable":true,"href":"http:\/\/czterysosny.pl\/de\/wp-json\/wp\/v2\/users\/1"}],"replies":[{"embeddable":true,"href":"http:\/\/czterysosny.pl\/de\/wp-json\/wp\/v2\/comments?post=1191"}],"version-history":[{"count":193,"href":"http:\/\/czterysosny.pl\/de\/wp-json\/wp\/v2\/pages\/1191\/revisions"}],"predecessor-version":[{"id":2006,"href":"http:\/\/czterysosny.pl\/de\/wp-json\/wp\/v2\/pages\/1191\/revisions\/2006"}],"wp:attachment":[{"href":"http:\/\/czterysosny.pl\/de\/wp-json\/wp\/v2\/media?parent=1191"}],"curies":[{"name":"wp","href":"https:\/\/api.w.org\/{rel}","templated":true}]}}