{"id":1690,"date":"2022-02-13T15:53:53","date_gmt":"2022-02-13T14:53:53","guid":{"rendered":"http:\/\/czterysosny.pl\/?page_id=1690"},"modified":"2024-07-01T18:09:53","modified_gmt":"2024-07-01T17:09:53","slug":"rodo","status":"publish","type":"page","link":"http:\/\/czterysosny.pl\/de\/rodo\/","title":{"rendered":"Rodo"},"content":{"rendered":"<p><\/p>\n<p><strong>KLAUZULA INFORMACYJNA O PRZETWARZANIU DANYCH OSOBOWYCH \u2013 RODO<\/strong><\/p>\n<p><\/p>\n<p><\/p>\n<p>Zgodnie z art. 13 ust. 1 i ust. 2 Rozporz\u0105dzenia Parlamentu Europejskiego i Rady (UE) 2016\/679 z dnia 27 kwietnia 2016 r.<br>w sprawie ochrony os\u00f3b fizycznych w zwi\u0105zku z przetwarzaniem danych osobowych i w sprawie swobodnego przep\u0142ywu takich danych oraz uchylenia dyrektywy 95\/46\/WE (og\u00f3lne rozporz\u0105dzenie o ochronie danych) (zwanego dalej jako \u201eRODO\u201d) niniejszym informujemy Pa\u0144stwa, \u017ce przetwarzamy Pa\u0144stwa dane osobowe.<\/p>\n<p><\/p>\n<p><\/p>\n<p>Niniejsza informacja okre\u015bla zasady gromadzenia, przetwarzania i wykorzystywania Pa\u0144stwa danych osobowych przez Restauracj\u0119 Szyszka i obiekt \u015bwiadcz\u0105cy us\u0142ugi hotelarskie Cztery Sosny mieszcz\u0105cymi si\u0119 w Zasieki 78, 68-343 Brody \u017barskie.<\/p>\n<p><\/p>\n<p><\/p>\n<p><strong>Administratorem Pa\u0144stwa danych osobowych<\/strong> jest Restauracja Szyszka i obiekt \u015bwiadcz\u0105cy us\u0142ugi hotelarskie Cztery Sosny, PPH EWDAR Dariusz Ochryniak, Zasieki 78, 68-343 Zasieki, nip: 9290097371 zwany dalej Obiektem.<\/p>\n<p><\/p>\n<p><\/p>\n<p><strong>Cel przetwarzania danych osobowych Go\u015bci Obiektu:<\/strong><\/p>\n<p><\/p>\n<p><\/p>\n<p>Dane osobowe Go\u015bci obiektu przetwarzane b\u0119d\u0105 w celu zawarcia i realizacja umowy o \u015bwiadczenie us\u0142ug hotelarskich.<\/p>\n<p><\/p>\n<p><\/p>\n<p>Celem przetwarzania danych osobowych przez Obiekt jest r\u00f3wnie\u017c:<\/p>\n<p><\/p>\n<p><\/p>\n<p>&#8211; dochodzenie ewentualnych roszcze\u0144 przez Obiekt w zwi\u0105zku z poniesion\u0105 przez Obiekt szkod\u0105 wyrz\u0105dzon\u0105<br>przez Go\u015bcia lub obrona przed roszczeniami Go\u015bcia w stosunku do Obiektu,<\/p>\n<p><\/p>\n<p><\/p>\n<p>&#8211; udokumentowanie wykonania us\u0142ugi dla cel\u00f3w podatkowych,<\/p>\n<p><\/p>\n<p><\/p>\n<p>&#8211; zapewnienie najwy\u017cszej jako\u015bci us\u0142ug dla Go\u015bci obiektu.<\/p>\n<p><\/p>\n<p><\/p>\n<p>Ponadto, Obiekt przetwarza dane osobowe Go\u015bci gromadzone przez monitoring obiektu w celu zapewnienia bezpiecze\u0144stwa Go\u015bciom obiektu i innym osobom przebywaj\u0105cym na terenie obiektu.<\/p>\n<p><\/p>\n<p><\/p>\n<p><strong>Podmioty kt\u00f3rym mog\u0105 zosta\u0107 przekazane dane osobowe<\/strong><\/p>\n<p><\/p>\n<p><\/p>\n<p>Obiekt przekazuje dane osobowe nast\u0119puj\u0105cym kategoriom podmiot\u00f3w:<\/p>\n<p><\/p>\n<p><\/p>\n<p>&#8211; firmom \u015bwiadcz\u0105cym us\u0142ugi wsparcia IT obiektu&nbsp;oraz dostarczaj\u0105cym oprogramowanie informatyczne,<\/p>\n<p><\/p>\n<p><\/p>\n<p>&#8211; firmom ksi\u0119gowym \u015bwiadcz\u0105cym us\u0142ugi obs\u0142ugi ksi\u0119gowej,<\/p>\n<p><\/p>\n<p><\/p>\n<p>&#8211; firmom (kancelariom) prawniczym \u015bwiadcz\u0105cym us\u0142ugi doradztwa prawnego i zast\u0119pstwa procesowego.<\/p>\n<p><\/p>\n<p><\/p>\n<p>Oraz w przypadku p\u0142atno\u015bci elektronicznych lub kart\u0105 p\u0142atnicz\u0105 Administrator udost\u0119pnia zebrane dane osobowe Klienta wybranemu podmiotowi obs\u0142uguj\u0105cemu powy\u017csze p\u0142atno\u015bci w Restauracji Szyszka i obiekcie \u015bwiadcz\u0105cym us\u0142ugi hotelarskie Cztery Sosny.<\/p>\n<p><\/p>\n<p><\/p>\n<p><strong>Okres przetwarzania danych osobowych<\/strong><\/p>\n<p><\/p>\n<p><\/p>\n<p>Dane osobowe:<\/p>\n<p><\/p>\n<p><\/p>\n<p>&#8211; pozyskane w zwi\u0105zku z zawart\u0105 umow\u0105 o \u015bwiadczenie us\u0142ug hotelarskich b\u0119d\u0105 przetwarzane przez okres przedawnienia roszcze\u0144 podatkowych lub roszcze\u0144 cywilnoprawnych Obiektu lub Go\u015bcia, w zale\u017cno\u015bci kt\u00f3re z tych zdarze\u0144 nast\u0105pi p\u00f3\u017aniej,<\/p>\n<p><\/p>\n<p><\/p>\n<p>&#8211; pozyskane w zwi\u0105zku z monitoringiem b\u0119d\u0105 przetwarzane przez 14&nbsp;dni od dnia utrwalenia, a&nbsp;nast\u0119pnie zostan\u0105 trwale usuni\u0119te.<\/p>\n<p><\/p>\n<p><\/p>\n<p><strong>Wym\u00f3g podania danych osobowych<\/strong><\/p>\n<p><\/p>\n<p><\/p>\n<p>Podanie danych osobowych w zakresie imienia i nazwiska, adresu zamieszkania, numeru dokumentu to\u017csamo\u015bci, adresu email, w przypadku rezerwacji internetowych, numeru kontaktowego telefonu, wieku dziecka, w przypadku pobytu w hotelu z dzieckiem jest dobrowolne<br>i jest wymogiem zawarcia umowy o us\u0142ugi hotelarskie. Brak podania danych osobowych uniemo\u017cliwi Obiektowi zawarcie umowy o us\u0142ugi hotelarskie.<\/p>\n<p><\/p>\n<p><\/p>\n<p><strong>Prawa Go\u015bcia w zwi\u0105zku z przetwarzaniem danych osobowych<\/strong><\/p>\n<p><\/p>\n<p><\/p>\n<p>Ka\u017cdy Go\u015b\u0107 ma prawo dost\u0119pu do danych osobowych ich sprostowania, usuni\u0119cia lub ograniczenia przetwarzania.<br>Ponadto, ka\u017cdy Go\u015b\u0107 ma prawo do wniesienia sprzeciwu wobec przetwarzania.<\/p>\n<p><\/p>\n<p><\/p>\n<p>Go\u015bcie obiektu posiadaj\u0105 prawo do \u017c\u0105dania od administratora dost\u0119pu do danych osobowych, prawo do ich sprostowania, usuni\u0119cia lub ograniczenia przetwarzania oraz prawo do przenoszenia danych. Dost\u0119p do danych mo\u017cliwy jest w siedzibie Obiektu. Ponadto, Obiekt udost\u0119pnia adres kontakt@czterysosny.pl za pomoc\u0105 kt\u00f3rego mo\u017cna kontaktowa\u0107 si\u0119 w sprawie danych osobowych.<\/p>\n<p><\/p>\n<p><\/p>\n<p><strong>Mo\u017cliwo\u015b\u0107 wniesienia skargi w zwi\u0105zku z przetwarzaniem danych osobowych.<\/strong><\/p>\n<p><\/p>\n<p><\/p>\n<p>Ka\u017cdy Go\u015b\u0107 ma prawo z\u0142o\u017cy\u0107 skarg\u0119 w zwi\u0105zku z przetwarzaniem jego danych osobowych do Prezesa Urz\u0119du Ochrony Danych Osobowych lub innego w\u0142a\u015bciwego organu nadzorczego.<\/p>\n<p><\/p>\n<p><\/p>\n<p><strong>Zautomatyzowane decyzje na podstawie danych osobowych, w tym profilowanie<\/strong><\/p>\n<p><\/p>\n<p><\/p>\n<p>Obiekt nie podejmuje zautomatyzowanych decyzji na podstawie danych osobowych, w tym nie dokonuje profilowania.<\/p>\n<p><\/p>","protected":false},"excerpt":{"rendered":"<p>KLAUZULA INFORMACYJNA O PRZETWARZANIU DANYCH OSOBOWYCH \u2013 RODO Zgodnie z art. 13 ust. 1 i ust. 2 Rozporz\u0105dzenia Parlamentu Europejskiego i Rady (UE) 2016\/679 z dnia 27 kwietnia 2016 r.w sprawie ochrony os\u00f3b fizycznych w zwi\u0105zku z przetwarzaniem danych osobowych i w sprawie swobodnego przep\u0142ywu takich danych oraz uchylenia dyrektywy 95\/46\/WE (og\u00f3lne rozporz\u0105dzenie o ochronie [&hellip;]<\/p>","protected":false},"author":1,"featured_media":0,"parent":0,"menu_order":0,"comment_status":"closed","ping_status":"closed","template":"","meta":{"inline_featured_image":false,"footnotes":""},"class_list":["post-1690","page","type-page","status-publish","hentry"],"_links":{"self":[{"href":"http:\/\/czterysosny.pl\/de\/wp-json\/wp\/v2\/pages\/1690"}],"collection":[{"href":"http:\/\/czterysosny.pl\/de\/wp-json\/wp\/v2\/pages"}],"about":[{"href":"http:\/\/czterysosny.pl\/de\/wp-json\/wp\/v2\/types\/page"}],"author":[{"embeddable":true,"href":"http:\/\/czterysosny.pl\/de\/wp-json\/wp\/v2\/users\/1"}],"replies":[{"embeddable":true,"href":"http:\/\/czterysosny.pl\/de\/wp-json\/wp\/v2\/comments?post=1690"}],"version-history":[{"count":14,"href":"http:\/\/czterysosny.pl\/de\/wp-json\/wp\/v2\/pages\/1690\/revisions"}],"predecessor-version":[{"id":1980,"href":"http:\/\/czterysosny.pl\/de\/wp-json\/wp\/v2\/pages\/1690\/revisions\/1980"}],"wp:attachment":[{"href":"http:\/\/czterysosny.pl\/de\/wp-json\/wp\/v2\/media?parent=1690"}],"curies":[{"name":"wp","href":"https:\/\/api.w.org\/{rel}","templated":true}]}}